{"id":1461,"date":"2022-05-23T17:01:45","date_gmt":"2022-05-23T15:01:45","guid":{"rendered":"https:\/\/www.lortolana.com\/prodotti\/radicchio-rosso-precoce\/"},"modified":"2022-12-16T14:57:10","modified_gmt":"2022-12-16T13:57:10","slug":"radicchio-rosso-precoce","status":"publish","type":"product","link":"https:\/\/www.lortolana.com\/de\/produkte\/radicchio-rosso-precoce\/","title":{"rendered":"Radicchio Rosso Precoce"},"content":{"rendered":"\n<div class=\"is-layout-flow wp-block-group is-style-container\"><div class=\"wp-block-group__inner-container\">\n<div class=\"is-layout-flex wp-container-3 wp-block-columns\">\n<div class=\"is-layout-flow wp-block-column\">\n<p class=\"is-style-AlternativeMedium\">Dieser Radicchio ist der Ausdruck der l\u00e4ndlichen Kultur der Region Treviso. Sie wird in einem begrenzten Gebiet zwischen den Provinzen Treviso, Padua und Venedig angebaut, das sich durch fruchtbare, gut durchl\u00fcftete und an Karstquellwasser reiche B\u00f6den auszeichnet.<\/p>\n\n\n\n<p>Nachdem die K\u00f6pfe bzw. die Bl\u00e4tter mit Gummib\u00e4ndern zusammengebunden und f\u00fcr etwa 15-20 Tage dem Sonnenlicht entzogen wurden, erreicht der Radicchio den optimalen Reifegrad auf dem Feld.<\/p>\n<\/div>\n\n\n\n<div class=\"is-layout-flow wp-block-column\">\n<p>Der Radicchio Rosso Precoce hat einen dicht geschlossenen, langen Kopf mit tiefroten fiedernervigen Bl\u00e4ttern, die eine Hauptrippe aufweisen, welche sich wiederum in viele kleine, schneewei\u00dfe Seitennerven verzweigt.<\/p>\n\n\n\n<p>Mit seinem angenehm bitteren Geschmack und seiner knackigen Textur ist dieser Radicchio der absolute Star vieler k\u00f6stlicher traditioneller Rezepte.<\/p>\n<\/div>\n<\/div>\n<\/div><\/div>\n\n\n\n<div style=\"height:40px\" aria-hidden=\"true\" class=\"wp-block-spacer\"><\/div>\n\n\n\n<div class=\"wp-block-cover aligncenter is-light has-parallax\" style=\"min-height:700px\"><span aria-hidden=\"true\" class=\"wp-block-cover__background has-background-dim-0 has-background-dim\"><\/span><div role=\"img\" class=\"wp-block-cover__image-background wp-image-581 has-parallax\" style=\"background-position:50% 50%;background-image:url(https:\/\/www.lortolana.com\/wp-content\/uploads\/2022\/05\/DSC01312.jpg)\"><\/div><div class=\"wp-block-cover__inner-container\">\n<p class=\"has-text-align-center has-large-font-size\"><\/p>\n<\/div><\/div>\n\n\n\n<div style=\"height:40px\" aria-hidden=\"true\" class=\"wp-block-spacer\"><\/div>\n\n\n\n<div class=\"is-layout-flow wp-block-group is-style-container\"><div class=\"wp-block-group__inner-container\">    <div id=\"swiper_gallery-block_d64a3e6bd0ef692eba8f64bb1e0aab28\" class=\"swiper-container swiper_gallery\">\n                    <div class=\"swiper-wrapper\">\n                                    <div class=\"swiper-slide\">\n                        <a href=\"https:\/\/www.lortolana.com\/wp-content\/uploads\/2022\/05\/LORTOLANA-SCENA-2-14.jpg\" data-fancybox=\"gallery\">\n                            <img data-src=\"https:\/\/www.lortolana.com\/wp-content\/uploads\/2022\/05\/LORTOLANA-SCENA-2-14-800x600.jpg\" class=\"swiper-lazy\">\n                            <div class=\"swiper-lazy-preloader\"><\/div>\n                        <\/a>\n                                            <\/div>\n                                        <div class=\"swiper-slide\">\n                        <a href=\"https:\/\/www.lortolana.com\/wp-content\/uploads\/2022\/05\/LORTOLANA-SCENA-2-1.jpg\" data-fancybox=\"gallery\">\n                            <img data-src=\"https:\/\/www.lortolana.com\/wp-content\/uploads\/2022\/05\/LORTOLANA-SCENA-2-1-800x600.jpg\" class=\"swiper-lazy\">\n                            <div class=\"swiper-lazy-preloader\"><\/div>\n                        <\/a>\n                                            <\/div>\n                                        <div class=\"swiper-slide\">\n                        <a href=\"https:\/\/www.lortolana.com\/wp-content\/uploads\/2022\/05\/LORTOLANA-SCENA-4-4.jpg\" data-fancybox=\"gallery\">\n                            <img data-src=\"https:\/\/www.lortolana.com\/wp-content\/uploads\/2022\/05\/LORTOLANA-SCENA-4-4-800x600.jpg\" class=\"swiper-lazy\">\n                            <div class=\"swiper-lazy-preloader\"><\/div>\n                        <\/a>\n                                            <\/div>\n                                        <div class=\"swiper-slide\">\n                        <a href=\"https:\/\/www.lortolana.com\/wp-content\/uploads\/2022\/05\/DSC01739.jpg\" data-fancybox=\"gallery\">\n                            <img data-src=\"https:\/\/www.lortolana.com\/wp-content\/uploads\/2022\/05\/DSC01739-800x600.jpg\" class=\"swiper-lazy\">\n                            <div class=\"swiper-lazy-preloader\"><\/div>\n                        <\/a>\n                                            <\/div>\n                                        <div class=\"swiper-slide\">\n                        <a href=\"https:\/\/www.lortolana.com\/wp-content\/uploads\/2022\/05\/MG_1807.jpg\" data-fancybox=\"gallery\">\n                            <img data-src=\"https:\/\/www.lortolana.com\/wp-content\/uploads\/2022\/05\/MG_1807-800x600.jpg\" class=\"swiper-lazy\">\n                            <div class=\"swiper-lazy-preloader\"><\/div>\n                        <\/a>\n                                            <\/div>\n                                        <div class=\"swiper-slide\">\n                        <a href=\"https:\/\/www.lortolana.com\/wp-content\/uploads\/2022\/05\/MG_1781.jpg\" data-fancybox=\"gallery\">\n                            <img data-src=\"https:\/\/www.lortolana.com\/wp-content\/uploads\/2022\/05\/MG_1781-800x600.jpg\" class=\"swiper-lazy\">\n                            <div class=\"swiper-lazy-preloader\"><\/div>\n                        <\/a>\n                                            <\/div>\n                                <\/div>\n            <div class=\"navigation-box\">\n                <div class=\"swiper-previous\">\n                    <svg xmlns=\"http:\/\/www.w3.org\/2000\/svg\" width=\"95\" height=\"95\" viewBox=\"0 0 95 95\"><g id=\"arrow\" transform=\"translate(-1792 -655)\"><g id=\"Raggruppa_260\" data-name=\"Raggruppa 260\" transform=\"translate(3107 2452.011) rotate(180)\"><g id=\"ctrl-left\" transform=\"translate(1281.879 1744.986)\"><path id=\"Path\" d=\"M-5,0-.29,4.525-5,9.05\" transform=\"translate(5)\" fill=\"none\" stroke=\"#254028\" stroke-linecap=\"round\" stroke-linejoin=\"round\" stroke-miterlimit=\"10\" stroke-width=\"1\"\/><\/g><rect id=\"Rettangolo_102\" data-name=\"Rettangolo 102\" width=\"39\" height=\"1\" rx=\"0.5\" transform=\"translate(1248 1749)\" fill=\"#254028\"\/><\/g><g id=\"Oval\" transform=\"translate(1792 655)\" fill=\"none\" stroke=\"#254028\" stroke-miterlimit=\"10\" stroke-width=\"1\"><circle cx=\"47.5\" cy=\"47.5\" r=\"47.5\" stroke=\"none\"\/><circle cx=\"47.5\" cy=\"47.5\" r=\"47\" fill=\"none\"\/><\/g><\/g><\/svg>\n                <\/div>\n                <div class=\"swiper-next\">\n                    <svg style=\"transform: rotate(180deg);\" xmlns=\"http:\/\/www.w3.org\/2000\/svg\" width=\"95\" height=\"95\" viewBox=\"0 0 95 95\"><g id=\"arrow\" transform=\"translate(-1792 -655)\"><g id=\"Raggruppa_260\" data-name=\"Raggruppa 260\" transform=\"translate(3107 2452.011) rotate(180)\"><g id=\"ctrl-left\" transform=\"translate(1281.879 1744.986)\"><path id=\"Path\" d=\"M-5,0-.29,4.525-5,9.05\" transform=\"translate(5)\" fill=\"none\" stroke=\"#254028\" stroke-linecap=\"round\" stroke-linejoin=\"round\" stroke-miterlimit=\"10\" stroke-width=\"1\"\/><\/g><rect id=\"Rettangolo_102\" data-name=\"Rettangolo 102\" width=\"39\" height=\"1\" rx=\"0.5\" transform=\"translate(1248 1749)\" fill=\"#254028\"\/><\/g><g id=\"Oval\" transform=\"translate(1792 655)\" fill=\"none\" stroke=\"#254028\" stroke-miterlimit=\"10\" stroke-width=\"1\"><circle cx=\"47.5\" cy=\"47.5\" r=\"47.5\" stroke=\"none\"\/><circle cx=\"47.5\" cy=\"47.5\" r=\"47\" fill=\"none\"\/><\/g><\/g><\/svg>\n                <\/div>\n            <\/div>\n                <\/div>\n    \n    <script>\n    var mySwiper = new Swiper ('#swiper_gallery-block_d64a3e6bd0ef692eba8f64bb1e0aab28',\n        {\n        loop: false,\n        navigation: {nextEl: '#swiper_gallery-block_d64a3e6bd0ef692eba8f64bb1e0aab28 .swiper-next',prevEl: '#swiper_gallery-block_d64a3e6bd0ef692eba8f64bb1e0aab28 .swiper-previous',},\n        grabCursor: true,\n        speed:1500,\n        keyboard:true,\n        lazy: {loadPrevNext: true,},\n        preloadImages: false,\n        slidesPerView: 1,\n        spaceBetween: 30,\n        breakpoints:\n            {\n            600:\n                {\n                slidesPerView: 1,\n                spaceBetween: 40\n                },\n            1200:\n                {\n                slidesPerView: 2,\n                spaceBetween: 60\n                },\n            1600:\n                {\n                slidesPerView: 2,\n                spaceBetween: 100\n                }\n            },\n        });\n    <\/script>\n\n\n<p class=\"has-text-align-center is-style-BigTitle\">SAISONALIT\u00c4T<\/p>\n\n\n    <div id=\"cb_seasonality-block_2ef37f51cedc4931125eb875706cfbb7\" class=\"cb_seasonality cb_seasonality\">\n        <div class=\"cb_seasonality_wrapper\">\n                    <div class=\"SingleMonthRow\">\n                <div class=\"SingleMonthRow_Lbl\">Januar<\/div>\n                <div class=\"SingleMonthRow_img\"><img decoding=\"async\" src=\"https:\/\/www.lortolana.com\/wp-content\/uploads\/2022\/05\/ico-radicchio-precoce.svg\"><\/div>            <\/div>\n                        <div class=\"SingleMonthRow\">\n                <div class=\"SingleMonthRow_Lbl\">Februar<\/div>\n                <div class=\"SingleMonthRow_img\"><img decoding=\"async\" src=\"https:\/\/www.lortolana.com\/wp-content\/uploads\/2022\/05\/ico-radicchio-precoce.svg\"><\/div>            <\/div>\n                        <div class=\"SingleMonthRow\">\n                <div class=\"SingleMonthRow_Lbl\">M\u00e4rz<\/div>\n                <div class=\"SingleMonthRow_img\"><img decoding=\"async\" src=\"https:\/\/www.lortolana.com\/wp-content\/uploads\/2022\/05\/ico-radicchio-precoce.svg\"><\/div>            <\/div>\n                        <div class=\"SingleMonthRow\">\n                <div class=\"SingleMonthRow_Lbl\">April<\/div>\n                <div class=\"SingleMonthRow_img\"><img decoding=\"async\" src=\"https:\/\/www.lortolana.com\/wp-content\/uploads\/2022\/05\/ico-radicchio-precoce.svg\"><\/div>            <\/div>\n                        <div class=\"SingleMonthRow\">\n                <div class=\"SingleMonthRow_Lbl\">Mai<\/div>\n                <div class=\"SingleMonthRow_img\"><img decoding=\"async\" src=\"https:\/\/www.lortolana.com\/wp-content\/uploads\/2022\/05\/ico-radicchio-precoce.svg\"><\/div>            <\/div>\n                        <div class=\"SingleMonthRow\">\n                <div class=\"SingleMonthRow_Lbl\">Juni<\/div>\n                <div class=\"SingleMonthRow_img\"><img decoding=\"async\" src=\"https:\/\/www.lortolana.com\/wp-content\/uploads\/2022\/05\/ico-radicchio-precoce.svg\"><\/div>            <\/div>\n                        <div class=\"SingleMonthRow\">\n                <div class=\"SingleMonthRow_Lbl\">Juli<\/div>\n                <div class=\"SingleMonthRow_img\"><img decoding=\"async\" src=\"https:\/\/www.lortolana.com\/wp-content\/uploads\/2022\/05\/ico-radicchio-precoce.svg\"><\/div>            <\/div>\n                        <div class=\"SingleMonthRow\">\n                <div class=\"SingleMonthRow_Lbl\">August<\/div>\n                <div class=\"SingleMonthRow_img\"><img decoding=\"async\" src=\"https:\/\/www.lortolana.com\/wp-content\/uploads\/2022\/05\/ico-radicchio-precoce.svg\"><\/div>            <\/div>\n                        <div class=\"SingleMonthRow\">\n                <div class=\"SingleMonthRow_Lbl\">September<\/div>\n                <div class=\"SingleMonthRow_img\"><img decoding=\"async\" src=\"https:\/\/www.lortolana.com\/wp-content\/uploads\/2022\/05\/ico-radicchio-precoce.svg\"><\/div>            <\/div>\n                        <div class=\"SingleMonthRow\">\n                <div class=\"SingleMonthRow_Lbl\">Oktober<\/div>\n                <div class=\"SingleMonthRow_img\"><img decoding=\"async\" src=\"https:\/\/www.lortolana.com\/wp-content\/uploads\/2022\/05\/ico-radicchio-precoce.svg\"><\/div>            <\/div>\n                        <div class=\"SingleMonthRow\">\n                <div class=\"SingleMonthRow_Lbl\">November<\/div>\n                <div class=\"SingleMonthRow_img\"><img decoding=\"async\" src=\"https:\/\/www.lortolana.com\/wp-content\/uploads\/2022\/05\/ico-radicchio-precoce.svg\"><\/div>            <\/div>\n                        <div class=\"SingleMonthRow\">\n                <div class=\"SingleMonthRow_Lbl\">Dezember<\/div>\n                <div class=\"SingleMonthRow_img\"><img decoding=\"async\" src=\"https:\/\/www.lortolana.com\/wp-content\/uploads\/2022\/05\/ico-radicchio-precoce.svg\"><\/div>            <\/div>\n                    <\/div>\n    <\/div>\n    <\/div><\/div>\n","protected":false},"excerpt":{"rendered":"<p>Unsere Produktion<\/p>\n","protected":false},"featured_media":815,"parent":0,"menu_order":20,"template":"","meta":{"inline_featured_image":false},"acf":[],"yoast_head":"<title>Radicchio Rosso Precoce<\/title>\n<meta name=\"robots\" content=\"index, follow, max-snippet:-1, max-image-preview:large, max-video-preview:-1\" \/>\n<link rel=\"canonical\" href=\"https:\/\/www.lortolana.com\/de\/produkte\/radicchio-rosso-precoce\/\" \/>\n<meta property=\"og:locale\" content=\"de_DE\" \/>\n<meta property=\"og:type\" content=\"article\" \/>\n<meta property=\"og:title\" content=\"Radicchio Rosso Precoce\" \/>\n<meta property=\"og:description\" content=\"Unsere Produktion\" \/>\n<meta property=\"og:url\" content=\"https:\/\/www.lortolana.com\/de\/produkte\/radicchio-rosso-precoce\/\" \/>\n<meta property=\"og:site_name\" content=\"L&#039;Ortolana\" \/>\n<meta property=\"article:modified_time\" content=\"2022-12-16T13:57:10+00:00\" \/>\n<meta property=\"og:image\" content=\"https:\/\/www.lortolana.com\/wp-content\/uploads\/2022\/05\/Radicchio-Rosso-precoce.jpg\" \/>\n\t<meta property=\"og:image:width\" content=\"1500\" \/>\n\t<meta property=\"og:image:height\" content=\"1080\" \/>\n\t<meta property=\"og:image:type\" content=\"image\/jpeg\" \/>\n<meta name=\"twitter:card\" content=\"summary_large_image\" \/>\n<meta name=\"twitter:label1\" content=\"Gesch\u00e4tzte Lesezeit\" \/>\n\t<meta name=\"twitter:data1\" content=\"1 Minute\" \/>\n<script type=\"application\/ld+json\" class=\"yoast-schema-graph\">{\"@context\":\"https:\/\/schema.org\",\"@graph\":[{\"@type\":\"WebPage\",\"@id\":\"https:\/\/www.lortolana.com\/de\/produkte\/radicchio-rosso-precoce\/\",\"url\":\"https:\/\/www.lortolana.com\/de\/produkte\/radicchio-rosso-precoce\/\",\"name\":\"Radicchio Rosso Precoce\",\"isPartOf\":{\"@id\":\"https:\/\/www.lortolana.com\/de\/#website\"},\"datePublished\":\"2022-05-23T15:01:45+00:00\",\"dateModified\":\"2022-12-16T13:57:10+00:00\",\"breadcrumb\":{\"@id\":\"https:\/\/www.lortolana.com\/de\/produkte\/radicchio-rosso-precoce\/#breadcrumb\"},\"inLanguage\":\"de-DE\",\"potentialAction\":[{\"@type\":\"ReadAction\",\"target\":[\"https:\/\/www.lortolana.com\/de\/produkte\/radicchio-rosso-precoce\/\"]}]},{\"@type\":\"BreadcrumbList\",\"@id\":\"https:\/\/www.lortolana.com\/de\/produkte\/radicchio-rosso-precoce\/#breadcrumb\",\"itemListElement\":[{\"@type\":\"ListItem\",\"position\":1,\"name\":\"Home\",\"item\":\"https:\/\/www.lortolana.com\/de\/\"},{\"@type\":\"ListItem\",\"position\":2,\"name\":\"Products\",\"item\":\"https:\/\/www.lortolana.com\/de\/produkte\/\"},{\"@type\":\"ListItem\",\"position\":3,\"name\":\"Radicchio Rosso Precoce\"}]},{\"@type\":\"WebSite\",\"@id\":\"https:\/\/www.lortolana.com\/de\/#website\",\"url\":\"https:\/\/www.lortolana.com\/de\/\",\"name\":\"L&#039;Ortolana\",\"description\":\"L\u2019amore per il territorio e i suoi sapori\",\"publisher\":{\"@id\":\"https:\/\/www.lortolana.com\/de\/#organization\"},\"potentialAction\":[{\"@type\":\"SearchAction\",\"target\":{\"@type\":\"EntryPoint\",\"urlTemplate\":\"https:\/\/www.lortolana.com\/de\/?s={search_term_string}\"},\"query-input\":\"required name=search_term_string\"}],\"inLanguage\":\"de-DE\"},{\"@type\":\"Organization\",\"@id\":\"https:\/\/www.lortolana.com\/de\/#organization\",\"name\":\"L&#039;Ortolana\",\"url\":\"https:\/\/www.lortolana.com\/de\/\",\"logo\":{\"@type\":\"ImageObject\",\"inLanguage\":\"de-DE\",\"@id\":\"https:\/\/www.lortolana.com\/de\/#\/schema\/logo\/image\/\",\"url\":\"https:\/\/www.lortolana.com\/wp-content\/uploads\/2022\/05\/logo-l-ortolana.svg\",\"contentUrl\":\"https:\/\/www.lortolana.com\/wp-content\/uploads\/2022\/05\/logo-l-ortolana.svg\",\"width\":260,\"height\":71,\"caption\":\"L&#039;Ortolana\"},\"image\":{\"@id\":\"https:\/\/www.lortolana.com\/de\/#\/schema\/logo\/image\/\"}}]}<\/script>","yoast_head_json":{"title":"Radicchio Rosso Precoce","robots":{"index":"index","follow":"follow","max-snippet":"max-snippet:-1","max-image-preview":"max-image-preview:large","max-video-preview":"max-video-preview:-1"},"canonical":"https:\/\/www.lortolana.com\/de\/produkte\/radicchio-rosso-precoce\/","og_locale":"de_DE","og_type":"article","og_title":"Radicchio Rosso Precoce","og_description":"Unsere Produktion","og_url":"https:\/\/www.lortolana.com\/de\/produkte\/radicchio-rosso-precoce\/","og_site_name":"L&#039;Ortolana","article_modified_time":"2022-12-16T13:57:10+00:00","og_image":[{"width":1500,"height":1080,"url":"https:\/\/www.lortolana.com\/wp-content\/uploads\/2022\/05\/Radicchio-Rosso-precoce.jpg","type":"image\/jpeg"}],"twitter_card":"summary_large_image","twitter_misc":{"Gesch\u00e4tzte Lesezeit":"1 Minute"},"schema":{"@context":"https:\/\/schema.org","@graph":[{"@type":"WebPage","@id":"https:\/\/www.lortolana.com\/de\/produkte\/radicchio-rosso-precoce\/","url":"https:\/\/www.lortolana.com\/de\/produkte\/radicchio-rosso-precoce\/","name":"Radicchio Rosso Precoce","isPartOf":{"@id":"https:\/\/www.lortolana.com\/de\/#website"},"datePublished":"2022-05-23T15:01:45+00:00","dateModified":"2022-12-16T13:57:10+00:00","breadcrumb":{"@id":"https:\/\/www.lortolana.com\/de\/produkte\/radicchio-rosso-precoce\/#breadcrumb"},"inLanguage":"de-DE","potentialAction":[{"@type":"ReadAction","target":["https:\/\/www.lortolana.com\/de\/produkte\/radicchio-rosso-precoce\/"]}]},{"@type":"BreadcrumbList","@id":"https:\/\/www.lortolana.com\/de\/produkte\/radicchio-rosso-precoce\/#breadcrumb","itemListElement":[{"@type":"ListItem","position":1,"name":"Home","item":"https:\/\/www.lortolana.com\/de\/"},{"@type":"ListItem","position":2,"name":"Products","item":"https:\/\/www.lortolana.com\/de\/produkte\/"},{"@type":"ListItem","position":3,"name":"Radicchio Rosso Precoce"}]},{"@type":"WebSite","@id":"https:\/\/www.lortolana.com\/de\/#website","url":"https:\/\/www.lortolana.com\/de\/","name":"L&#039;Ortolana","description":"L\u2019amore per il territorio e i suoi sapori","publisher":{"@id":"https:\/\/www.lortolana.com\/de\/#organization"},"potentialAction":[{"@type":"SearchAction","target":{"@type":"EntryPoint","urlTemplate":"https:\/\/www.lortolana.com\/de\/?s={search_term_string}"},"query-input":"required name=search_term_string"}],"inLanguage":"de-DE"},{"@type":"Organization","@id":"https:\/\/www.lortolana.com\/de\/#organization","name":"L&#039;Ortolana","url":"https:\/\/www.lortolana.com\/de\/","logo":{"@type":"ImageObject","inLanguage":"de-DE","@id":"https:\/\/www.lortolana.com\/de\/#\/schema\/logo\/image\/","url":"https:\/\/www.lortolana.com\/wp-content\/uploads\/2022\/05\/logo-l-ortolana.svg","contentUrl":"https:\/\/www.lortolana.com\/wp-content\/uploads\/2022\/05\/logo-l-ortolana.svg","width":260,"height":71,"caption":"L&#039;Ortolana"},"image":{"@id":"https:\/\/www.lortolana.com\/de\/#\/schema\/logo\/image\/"}}]}},"_links":{"self":[{"href":"https:\/\/www.lortolana.com\/de\/wp-json\/wp\/v2\/product\/1461"}],"collection":[{"href":"https:\/\/www.lortolana.com\/de\/wp-json\/wp\/v2\/product"}],"about":[{"href":"https:\/\/www.lortolana.com\/de\/wp-json\/wp\/v2\/types\/product"}],"version-history":[{"count":10,"href":"https:\/\/www.lortolana.com\/de\/wp-json\/wp\/v2\/product\/1461\/revisions"}],"predecessor-version":[{"id":2046,"href":"https:\/\/www.lortolana.com\/de\/wp-json\/wp\/v2\/product\/1461\/revisions\/2046"}],"wp:featuredmedia":[{"embeddable":true,"href":"https:\/\/www.lortolana.com\/de\/wp-json\/wp\/v2\/media\/815"}],"wp:attachment":[{"href":"https:\/\/www.lortolana.com\/de\/wp-json\/wp\/v2\/media?parent=1461"}],"curies":[{"name":"wp","href":"https:\/\/api.w.org\/{rel}","templated":true}]}}