{"id":1460,"date":"2022-05-23T17:36:01","date_gmt":"2022-05-23T15:36:01","guid":{"rendered":"https:\/\/www.lortolana.com\/prodotti\/radicchio-fiore-rosso\/"},"modified":"2022-12-06T11:28:12","modified_gmt":"2022-12-06T10:28:12","slug":"radicchio-fiore-rosso","status":"publish","type":"product","link":"https:\/\/www.lortolana.com\/de\/produkte\/radicchio-fiore-rosso\/","title":{"rendered":"Radicchio Fiore Rosso"},"content":{"rendered":"\n<div class=\"is-layout-flow wp-block-group is-style-container\"><div class=\"wp-block-group__inner-container\">\n<div class=\"is-layout-flex wp-container-3 wp-block-columns\">\n<div class=\"is-layout-flow wp-block-column\">\n<p class=\"is-style-AlternativeMedium\">Der Fiore Rosso (rote Bl\u00fcte) ist ein edler Winterradicchio, der nach einem langwierigen Suche- und Auswahlverfahren entsteht.<\/p>\n\n\n\n<p>Die Anbaugebiete, durch die das reinste Wasser der Karstquellen des Flusses Sile und seiner Nebenfl\u00fcsse flie\u00dft, liegen in der unmittelbaren Umgebung unseres Unternehmenssitzes.<\/p>\n\n\n\n<p>Der Fiore Rosso wird gleich nach den ersten Winterfr\u00f6sten frisch vom Feld geerntet und anschlie\u00dfend am Wurzelteil ins Wasser eingetaucht. Anschlie\u00dfend lagern die Pflanzen etwa 20 Tage bei konstanter Temperatur im Dunkeln. Dabei nehmen sie alle Eigenschaften des Wassers auf und treiben neu aus.<\/p>\n<\/div>\n\n\n\n<div class=\"is-layout-flow wp-block-column\">\n<p>Gleich nach dem Keimen erfolgt die Pflege, die Reinigung sowie die abschlie\u00dfende Verpackung. Der Fiore Rosso zeichnet sich durch eine geringe Gr\u00f6\u00dfe und Form seiner breiten, tiefroten Bl\u00e4tter aus, die an eine offene Rose erinnern.<\/p>\n\n\n\n<p>Der Fiore Rosso weist eine knackige Textur und einen kr\u00e4ftigen, leicht bitteren Geschmack auf. Er wird meistens roh verzehrt, wobei er so wenig wie m\u00f6glich geschnitten werden sollte, um eine Oxidation zu vermeiden.<\/p>\n<\/div>\n<\/div>\n<\/div><\/div>\n\n\n\n<div style=\"height:40px\" aria-hidden=\"true\" class=\"wp-block-spacer\"><\/div>\n\n\n\n<div class=\"wp-block-cover aligncenter is-light has-parallax\" style=\"min-height:700px\"><span aria-hidden=\"true\" class=\"wp-block-cover__background has-background-dim-0 has-background-dim\"><\/span><div role=\"img\" class=\"wp-block-cover__image-background wp-image-548 has-parallax\" style=\"background-position:50% 50%;background-image:url(https:\/\/www.lortolana.com\/wp-content\/uploads\/2022\/05\/DSC01339.jpg)\"><\/div><div class=\"wp-block-cover__inner-container\">\n<p class=\"has-text-align-center has-large-font-size\"><\/p>\n<\/div><\/div>\n\n\n\n<div style=\"height:40px\" aria-hidden=\"true\" class=\"wp-block-spacer\"><\/div>\n\n\n\n<div class=\"is-layout-flow wp-block-group is-style-container\"><div class=\"wp-block-group__inner-container\">    <div id=\"swiper_gallery-block_8a618ec656d48d3556118bff27edf77f\" class=\"swiper-container swiper_gallery\">\n                    <div class=\"swiper-wrapper\">\n                                    <div class=\"swiper-slide\">\n                        <a href=\"https:\/\/www.lortolana.com\/wp-content\/uploads\/2022\/05\/LORTOLANA-SCENA-7-5.jpg\" data-fancybox=\"gallery\">\n                            <img data-src=\"https:\/\/www.lortolana.com\/wp-content\/uploads\/2022\/05\/LORTOLANA-SCENA-7-5-800x600.jpg\" class=\"swiper-lazy\">\n                            <div class=\"swiper-lazy-preloader\"><\/div>\n                        <\/a>\n                                            <\/div>\n                                        <div class=\"swiper-slide\">\n                        <a href=\"https:\/\/www.lortolana.com\/wp-content\/uploads\/2022\/05\/LORTOLANA-SCENA-7-1.jpg\" data-fancybox=\"gallery\">\n                            <img data-src=\"https:\/\/www.lortolana.com\/wp-content\/uploads\/2022\/05\/LORTOLANA-SCENA-7-1-800x600.jpg\" class=\"swiper-lazy\">\n                            <div class=\"swiper-lazy-preloader\"><\/div>\n                        <\/a>\n                                            <\/div>\n                                        <div class=\"swiper-slide\">\n                        <a href=\"https:\/\/www.lortolana.com\/wp-content\/uploads\/2022\/05\/LORTOLANA-SCENA-4-9.jpg\" data-fancybox=\"gallery\">\n                            <img data-src=\"https:\/\/www.lortolana.com\/wp-content\/uploads\/2022\/05\/LORTOLANA-SCENA-4-9-800x600.jpg\" class=\"swiper-lazy\">\n                            <div class=\"swiper-lazy-preloader\"><\/div>\n                        <\/a>\n                                            <\/div>\n                                        <div class=\"swiper-slide\">\n                        <a href=\"https:\/\/www.lortolana.com\/wp-content\/uploads\/2022\/05\/DSC01875.jpg\" data-fancybox=\"gallery\">\n                            <img data-src=\"https:\/\/www.lortolana.com\/wp-content\/uploads\/2022\/05\/DSC01875-800x600.jpg\" class=\"swiper-lazy\">\n                            <div class=\"swiper-lazy-preloader\"><\/div>\n                        <\/a>\n                                            <\/div>\n                                        <div class=\"swiper-slide\">\n                        <a href=\"https:\/\/www.lortolana.com\/wp-content\/uploads\/2022\/05\/LORTOLANA-PRODUZIONE-8.jpg\" data-fancybox=\"gallery\">\n                            <img data-src=\"https:\/\/www.lortolana.com\/wp-content\/uploads\/2022\/05\/LORTOLANA-PRODUZIONE-8-800x600.jpg\" class=\"swiper-lazy\">\n                            <div class=\"swiper-lazy-preloader\"><\/div>\n                        <\/a>\n                                            <\/div>\n                                        <div class=\"swiper-slide\">\n                        <a href=\"https:\/\/www.lortolana.com\/wp-content\/uploads\/2022\/05\/DSC01898.jpg\" data-fancybox=\"gallery\">\n                            <img data-src=\"https:\/\/www.lortolana.com\/wp-content\/uploads\/2022\/05\/DSC01898-800x600.jpg\" class=\"swiper-lazy\">\n                            <div class=\"swiper-lazy-preloader\"><\/div>\n                        <\/a>\n                                            <\/div>\n                                <\/div>\n            <div class=\"navigation-box\">\n                <div class=\"swiper-previous\">\n                    <svg xmlns=\"http:\/\/www.w3.org\/2000\/svg\" width=\"95\" height=\"95\" viewBox=\"0 0 95 95\"><g id=\"arrow\" transform=\"translate(-1792 -655)\"><g id=\"Raggruppa_260\" data-name=\"Raggruppa 260\" transform=\"translate(3107 2452.011) rotate(180)\"><g id=\"ctrl-left\" transform=\"translate(1281.879 1744.986)\"><path id=\"Path\" d=\"M-5,0-.29,4.525-5,9.05\" transform=\"translate(5)\" fill=\"none\" stroke=\"#254028\" stroke-linecap=\"round\" stroke-linejoin=\"round\" stroke-miterlimit=\"10\" stroke-width=\"1\"\/><\/g><rect id=\"Rettangolo_102\" data-name=\"Rettangolo 102\" width=\"39\" height=\"1\" rx=\"0.5\" transform=\"translate(1248 1749)\" fill=\"#254028\"\/><\/g><g id=\"Oval\" transform=\"translate(1792 655)\" fill=\"none\" stroke=\"#254028\" stroke-miterlimit=\"10\" stroke-width=\"1\"><circle cx=\"47.5\" cy=\"47.5\" r=\"47.5\" stroke=\"none\"\/><circle cx=\"47.5\" cy=\"47.5\" r=\"47\" fill=\"none\"\/><\/g><\/g><\/svg>\n                <\/div>\n                <div class=\"swiper-next\">\n                    <svg style=\"transform: rotate(180deg);\" xmlns=\"http:\/\/www.w3.org\/2000\/svg\" width=\"95\" height=\"95\" viewBox=\"0 0 95 95\"><g id=\"arrow\" transform=\"translate(-1792 -655)\"><g id=\"Raggruppa_260\" data-name=\"Raggruppa 260\" transform=\"translate(3107 2452.011) rotate(180)\"><g id=\"ctrl-left\" transform=\"translate(1281.879 1744.986)\"><path id=\"Path\" d=\"M-5,0-.29,4.525-5,9.05\" transform=\"translate(5)\" fill=\"none\" stroke=\"#254028\" stroke-linecap=\"round\" stroke-linejoin=\"round\" stroke-miterlimit=\"10\" stroke-width=\"1\"\/><\/g><rect id=\"Rettangolo_102\" data-name=\"Rettangolo 102\" width=\"39\" height=\"1\" rx=\"0.5\" transform=\"translate(1248 1749)\" fill=\"#254028\"\/><\/g><g id=\"Oval\" transform=\"translate(1792 655)\" fill=\"none\" stroke=\"#254028\" stroke-miterlimit=\"10\" stroke-width=\"1\"><circle cx=\"47.5\" cy=\"47.5\" r=\"47.5\" stroke=\"none\"\/><circle cx=\"47.5\" cy=\"47.5\" r=\"47\" fill=\"none\"\/><\/g><\/g><\/svg>\n                <\/div>\n            <\/div>\n                <\/div>\n    \n    <script>\n    var mySwiper = new Swiper ('#swiper_gallery-block_8a618ec656d48d3556118bff27edf77f',\n        {\n        loop: false,\n        navigation: {nextEl: '#swiper_gallery-block_8a618ec656d48d3556118bff27edf77f .swiper-next',prevEl: '#swiper_gallery-block_8a618ec656d48d3556118bff27edf77f .swiper-previous',},\n        grabCursor: true,\n        speed:1500,\n        keyboard:true,\n        lazy: {loadPrevNext: true,},\n        preloadImages: false,\n        slidesPerView: 1,\n        spaceBetween: 30,\n        breakpoints:\n            {\n            600:\n                {\n                slidesPerView: 1,\n                spaceBetween: 40\n                },\n            1200:\n                {\n                slidesPerView: 2,\n                spaceBetween: 60\n                },\n            1600:\n                {\n                slidesPerView: 2,\n                spaceBetween: 100\n                }\n            },\n        });\n    <\/script>\n\n\n<p class=\"has-text-align-center is-style-BigTitle\">SAISONALIT\u00c4T<\/p>\n\n\n    <div id=\"cb_seasonality-block_a0e4df2e7974f611474b6f3f1a67e734\" class=\"cb_seasonality cb_seasonality\">\n        <div class=\"cb_seasonality_wrapper\">\n                    <div class=\"SingleMonthRow\">\n                <div class=\"SingleMonthRow_Lbl\">Januar<\/div>\n                <div class=\"SingleMonthRow_img\"><img decoding=\"async\" src=\"https:\/\/www.lortolana.com\/wp-content\/uploads\/2022\/05\/ico-radicchio-rosso-fiore.svg\"><\/div>            <\/div>\n                        <div class=\"SingleMonthRow\">\n                <div class=\"SingleMonthRow_Lbl\">Februar<\/div>\n                <div class=\"SingleMonthRow_img\"><img decoding=\"async\" src=\"https:\/\/www.lortolana.com\/wp-content\/uploads\/2022\/05\/ico-radicchio-rosso-fiore.svg\"><\/div>            <\/div>\n                        <div class=\"SingleMonthRow\">\n                <div class=\"SingleMonthRow_Lbl\">M\u00e4rz<\/div>\n                <div class=\"SingleMonthRow_img\"><img decoding=\"async\" src=\"https:\/\/www.lortolana.com\/wp-content\/uploads\/2022\/05\/ico-radicchio-rosso-fiore.svg\"><\/div>            <\/div>\n                        <div class=\"SingleMonthRow\">\n                <div class=\"SingleMonthRow_Lbl\">April<\/div>\n                            <\/div>\n                        <div class=\"SingleMonthRow\">\n                <div class=\"SingleMonthRow_Lbl\">Mai<\/div>\n                            <\/div>\n                        <div class=\"SingleMonthRow\">\n                <div class=\"SingleMonthRow_Lbl\">Juni<\/div>\n                            <\/div>\n                        <div class=\"SingleMonthRow\">\n                <div class=\"SingleMonthRow_Lbl\">Juli<\/div>\n                            <\/div>\n                        <div class=\"SingleMonthRow\">\n                <div class=\"SingleMonthRow_Lbl\">August<\/div>\n                            <\/div>\n                        <div class=\"SingleMonthRow\">\n                <div class=\"SingleMonthRow_Lbl\">September<\/div>\n                            <\/div>\n                        <div class=\"SingleMonthRow\">\n                <div class=\"SingleMonthRow_Lbl\">Oktober<\/div>\n                            <\/div>\n                        <div class=\"SingleMonthRow\">\n                <div class=\"SingleMonthRow_Lbl\">November<\/div>\n                            <\/div>\n                        <div class=\"SingleMonthRow\">\n                <div class=\"SingleMonthRow_Lbl\">Dezember<\/div>\n                <div class=\"SingleMonthRow_img\"><img decoding=\"async\" src=\"https:\/\/www.lortolana.com\/wp-content\/uploads\/2022\/05\/ico-radicchio-rosso-fiore.svg\"><\/div>            <\/div>\n                    <\/div>\n    <\/div>\n    <\/div><\/div>\n","protected":false},"excerpt":{"rendered":"<p>Unsere Produktion<\/p>\n","protected":false},"featured_media":817,"parent":0,"menu_order":40,"template":"","meta":{"inline_featured_image":false},"acf":[],"yoast_head":"<title>Radicchio Fiore Rosso<\/title>\n<meta name=\"robots\" content=\"index, follow, max-snippet:-1, max-image-preview:large, max-video-preview:-1\" \/>\n<link rel=\"canonical\" href=\"https:\/\/www.lortolana.com\/de\/produkte\/radicchio-fiore-rosso\/\" \/>\n<meta property=\"og:locale\" content=\"de_DE\" \/>\n<meta property=\"og:type\" content=\"article\" \/>\n<meta property=\"og:title\" content=\"Radicchio Fiore Rosso\" \/>\n<meta property=\"og:description\" content=\"Unsere Produktion\" \/>\n<meta property=\"og:url\" content=\"https:\/\/www.lortolana.com\/de\/produkte\/radicchio-fiore-rosso\/\" \/>\n<meta property=\"og:site_name\" content=\"L&#039;Ortolana\" \/>\n<meta property=\"article:modified_time\" content=\"2022-12-06T10:28:12+00:00\" \/>\n<meta property=\"og:image\" content=\"https:\/\/www.lortolana.com\/wp-content\/uploads\/2022\/05\/Radicchio-Fiore-Rosso.jpg\" \/>\n\t<meta property=\"og:image:width\" content=\"1500\" \/>\n\t<meta property=\"og:image:height\" content=\"1080\" \/>\n\t<meta property=\"og:image:type\" content=\"image\/jpeg\" \/>\n<meta name=\"twitter:card\" content=\"summary_large_image\" \/>\n<meta name=\"twitter:label1\" content=\"Gesch\u00e4tzte Lesezeit\" \/>\n\t<meta name=\"twitter:data1\" content=\"1 Minute\" \/>\n<script type=\"application\/ld+json\" class=\"yoast-schema-graph\">{\"@context\":\"https:\/\/schema.org\",\"@graph\":[{\"@type\":\"WebPage\",\"@id\":\"https:\/\/www.lortolana.com\/de\/produkte\/radicchio-fiore-rosso\/\",\"url\":\"https:\/\/www.lortolana.com\/de\/produkte\/radicchio-fiore-rosso\/\",\"name\":\"Radicchio Fiore Rosso\",\"isPartOf\":{\"@id\":\"https:\/\/www.lortolana.com\/de\/#website\"},\"datePublished\":\"2022-05-23T15:36:01+00:00\",\"dateModified\":\"2022-12-06T10:28:12+00:00\",\"breadcrumb\":{\"@id\":\"https:\/\/www.lortolana.com\/de\/produkte\/radicchio-fiore-rosso\/#breadcrumb\"},\"inLanguage\":\"de-DE\",\"potentialAction\":[{\"@type\":\"ReadAction\",\"target\":[\"https:\/\/www.lortolana.com\/de\/produkte\/radicchio-fiore-rosso\/\"]}]},{\"@type\":\"BreadcrumbList\",\"@id\":\"https:\/\/www.lortolana.com\/de\/produkte\/radicchio-fiore-rosso\/#breadcrumb\",\"itemListElement\":[{\"@type\":\"ListItem\",\"position\":1,\"name\":\"Home\",\"item\":\"https:\/\/www.lortolana.com\/de\/\"},{\"@type\":\"ListItem\",\"position\":2,\"name\":\"Products\",\"item\":\"https:\/\/www.lortolana.com\/de\/produkte\/\"},{\"@type\":\"ListItem\",\"position\":3,\"name\":\"Radicchio Fiore Rosso\"}]},{\"@type\":\"WebSite\",\"@id\":\"https:\/\/www.lortolana.com\/de\/#website\",\"url\":\"https:\/\/www.lortolana.com\/de\/\",\"name\":\"L&#039;Ortolana\",\"description\":\"L\u2019amore per il territorio e i suoi sapori\",\"publisher\":{\"@id\":\"https:\/\/www.lortolana.com\/de\/#organization\"},\"potentialAction\":[{\"@type\":\"SearchAction\",\"target\":{\"@type\":\"EntryPoint\",\"urlTemplate\":\"https:\/\/www.lortolana.com\/de\/?s={search_term_string}\"},\"query-input\":\"required name=search_term_string\"}],\"inLanguage\":\"de-DE\"},{\"@type\":\"Organization\",\"@id\":\"https:\/\/www.lortolana.com\/de\/#organization\",\"name\":\"L&#039;Ortolana\",\"url\":\"https:\/\/www.lortolana.com\/de\/\",\"logo\":{\"@type\":\"ImageObject\",\"inLanguage\":\"de-DE\",\"@id\":\"https:\/\/www.lortolana.com\/de\/#\/schema\/logo\/image\/\",\"url\":\"https:\/\/www.lortolana.com\/wp-content\/uploads\/2022\/05\/logo-l-ortolana.svg\",\"contentUrl\":\"https:\/\/www.lortolana.com\/wp-content\/uploads\/2022\/05\/logo-l-ortolana.svg\",\"width\":260,\"height\":71,\"caption\":\"L&#039;Ortolana\"},\"image\":{\"@id\":\"https:\/\/www.lortolana.com\/de\/#\/schema\/logo\/image\/\"}}]}<\/script>","yoast_head_json":{"title":"Radicchio Fiore Rosso","robots":{"index":"index","follow":"follow","max-snippet":"max-snippet:-1","max-image-preview":"max-image-preview:large","max-video-preview":"max-video-preview:-1"},"canonical":"https:\/\/www.lortolana.com\/de\/produkte\/radicchio-fiore-rosso\/","og_locale":"de_DE","og_type":"article","og_title":"Radicchio Fiore Rosso","og_description":"Unsere Produktion","og_url":"https:\/\/www.lortolana.com\/de\/produkte\/radicchio-fiore-rosso\/","og_site_name":"L&#039;Ortolana","article_modified_time":"2022-12-06T10:28:12+00:00","og_image":[{"width":1500,"height":1080,"url":"https:\/\/www.lortolana.com\/wp-content\/uploads\/2022\/05\/Radicchio-Fiore-Rosso.jpg","type":"image\/jpeg"}],"twitter_card":"summary_large_image","twitter_misc":{"Gesch\u00e4tzte Lesezeit":"1 Minute"},"schema":{"@context":"https:\/\/schema.org","@graph":[{"@type":"WebPage","@id":"https:\/\/www.lortolana.com\/de\/produkte\/radicchio-fiore-rosso\/","url":"https:\/\/www.lortolana.com\/de\/produkte\/radicchio-fiore-rosso\/","name":"Radicchio Fiore Rosso","isPartOf":{"@id":"https:\/\/www.lortolana.com\/de\/#website"},"datePublished":"2022-05-23T15:36:01+00:00","dateModified":"2022-12-06T10:28:12+00:00","breadcrumb":{"@id":"https:\/\/www.lortolana.com\/de\/produkte\/radicchio-fiore-rosso\/#breadcrumb"},"inLanguage":"de-DE","potentialAction":[{"@type":"ReadAction","target":["https:\/\/www.lortolana.com\/de\/produkte\/radicchio-fiore-rosso\/"]}]},{"@type":"BreadcrumbList","@id":"https:\/\/www.lortolana.com\/de\/produkte\/radicchio-fiore-rosso\/#breadcrumb","itemListElement":[{"@type":"ListItem","position":1,"name":"Home","item":"https:\/\/www.lortolana.com\/de\/"},{"@type":"ListItem","position":2,"name":"Products","item":"https:\/\/www.lortolana.com\/de\/produkte\/"},{"@type":"ListItem","position":3,"name":"Radicchio Fiore Rosso"}]},{"@type":"WebSite","@id":"https:\/\/www.lortolana.com\/de\/#website","url":"https:\/\/www.lortolana.com\/de\/","name":"L&#039;Ortolana","description":"L\u2019amore per il territorio e i suoi sapori","publisher":{"@id":"https:\/\/www.lortolana.com\/de\/#organization"},"potentialAction":[{"@type":"SearchAction","target":{"@type":"EntryPoint","urlTemplate":"https:\/\/www.lortolana.com\/de\/?s={search_term_string}"},"query-input":"required name=search_term_string"}],"inLanguage":"de-DE"},{"@type":"Organization","@id":"https:\/\/www.lortolana.com\/de\/#organization","name":"L&#039;Ortolana","url":"https:\/\/www.lortolana.com\/de\/","logo":{"@type":"ImageObject","inLanguage":"de-DE","@id":"https:\/\/www.lortolana.com\/de\/#\/schema\/logo\/image\/","url":"https:\/\/www.lortolana.com\/wp-content\/uploads\/2022\/05\/logo-l-ortolana.svg","contentUrl":"https:\/\/www.lortolana.com\/wp-content\/uploads\/2022\/05\/logo-l-ortolana.svg","width":260,"height":71,"caption":"L&#039;Ortolana"},"image":{"@id":"https:\/\/www.lortolana.com\/de\/#\/schema\/logo\/image\/"}}]}},"_links":{"self":[{"href":"https:\/\/www.lortolana.com\/de\/wp-json\/wp\/v2\/product\/1460"}],"collection":[{"href":"https:\/\/www.lortolana.com\/de\/wp-json\/wp\/v2\/product"}],"about":[{"href":"https:\/\/www.lortolana.com\/de\/wp-json\/wp\/v2\/types\/product"}],"version-history":[{"count":4,"href":"https:\/\/www.lortolana.com\/de\/wp-json\/wp\/v2\/product\/1460\/revisions"}],"predecessor-version":[{"id":1849,"href":"https:\/\/www.lortolana.com\/de\/wp-json\/wp\/v2\/product\/1460\/revisions\/1849"}],"wp:featuredmedia":[{"embeddable":true,"href":"https:\/\/www.lortolana.com\/de\/wp-json\/wp\/v2\/media\/817"}],"wp:attachment":[{"href":"https:\/\/www.lortolana.com\/de\/wp-json\/wp\/v2\/media?parent=1460"}],"curies":[{"name":"wp","href":"https:\/\/api.w.org\/{rel}","templated":true}]}}