{"id":1455,"date":"2022-06-14T15:08:39","date_gmt":"2022-06-14T13:08:39","guid":{"rendered":"https:\/\/www.lortolana.com\/prodotti\/asparago-verde\/"},"modified":"2022-12-06T11:31:08","modified_gmt":"2022-12-06T10:31:08","slug":"asparago-verde","status":"publish","type":"product","link":"https:\/\/www.lortolana.com\/de\/produkte\/asparago-verde\/","title":{"rendered":"Asparago Verde"},"content":{"rendered":"\n<div class=\"is-layout-flow wp-block-group is-style-container\"><div class=\"wp-block-group__inner-container\">\n<div class=\"is-layout-flex wp-container-3 wp-block-columns\">\n<div class=\"is-layout-flow wp-block-column\">\n<p class=\"is-style-AlternativeMedium\"><strong>(Gr\u00fcner Spargel)<\/strong><\/p>\n\n\n\n<p class=\"is-style-AlternativeMedium\">In der Region Venetien scheint der Anbau und die Ernte vom gr\u00fcnen Spargel bis ins 2. Jahrhundert v. Chr. mit der Ankunft der R\u00f6mer zur\u00fcckzureichen. Ab dem 18. Jahrhundert spezialisierte sich die Region Venetien auf wei\u00dfen Spargel. Erst in den letzten 50 Jahren wurden die alten Geschmacksrichtungen wiederentdeckt und die Anbaufl\u00e4chen f\u00fcr gr\u00fcnen Spargel stetig ausgebaut.<\/p>\n\n\n\n<p>Die Anbaufl\u00e4chen sind sehr reich an Karstquellwasser, das aus dem Fluss Sile und seinen Nebenfl\u00fcssen stammt. Der Boden ist fruchtbar und gut entw\u00e4ssernd.<\/p>\n\n\n\n<p>Gr\u00fcner Spargel sprie\u00dft \u00fcppig aus dem Boden. Die Sonnenstrahlen erm\u00f6glichen die Photosynthese des Chlorophylls; ein nat\u00fcrlicher Prozess, durch den der gr\u00fcne Spargel seine typische gr\u00fcne F\u00e4rbung erh\u00e4lt.<\/p>\n<\/div>\n\n\n\n<div class=\"is-layout-flow wp-block-column\">\n<p>Bei der Ernte werden die oberirdischen Triebe an der Basis abgeschnitten, sobald sie die gew\u00fcnschte L\u00e4nge erreicht haben.<\/p>\n\n\n\n<p>Die Triebe sind gerade und fest mit fest geschlossenen Spitzen. Am Gaumen sind sie s\u00fc\u00df und zart mit einem typisch grasigen Aroma.<\/p>\n\n\n\n<p>Gr\u00fcner Spargel kann als Hauptzutat f\u00fcr herzhafte Quiches, Risotti und zahlreiche weitere Gerichte verwendet werden.<\/p>\n<\/div>\n<\/div>\n<\/div><\/div>\n\n\n\n<div style=\"height:40px\" aria-hidden=\"true\" class=\"wp-block-spacer\"><\/div>\n\n\n\n<div class=\"wp-block-cover aligncenter is-light has-parallax\" style=\"min-height:700px\"><span aria-hidden=\"true\" class=\"wp-block-cover__background has-background-dim-0 has-background-dim\"><\/span><div role=\"img\" class=\"wp-block-cover__image-background wp-image-609 has-parallax\" style=\"background-position:50% 50%;background-image:url(https:\/\/www.lortolana.com\/wp-content\/uploads\/2022\/05\/LORTOLANA-asparagi-sfusi-14.jpg)\"><\/div><div class=\"wp-block-cover__inner-container\">\n<p class=\"has-text-align-center has-large-font-size\"><\/p>\n<\/div><\/div>\n\n\n\n<div style=\"height:40px\" aria-hidden=\"true\" class=\"wp-block-spacer\"><\/div>\n\n\n\n<div class=\"is-layout-flow wp-block-group is-style-container\"><div class=\"wp-block-group__inner-container\">    <div id=\"swiper_gallery-block_a66ab23371af47e2920fa1d0e2af1773\" class=\"swiper-container swiper_gallery\">\n                    <div class=\"swiper-wrapper\">\n                                    <div class=\"swiper-slide\">\n                        <a href=\"https:\/\/www.lortolana.com\/wp-content\/uploads\/2022\/05\/LORTOLANA-asparagi-bancaletto-5.jpg\" data-fancybox=\"gallery\">\n                            <img data-src=\"https:\/\/www.lortolana.com\/wp-content\/uploads\/2022\/05\/LORTOLANA-asparagi-bancaletto-5-800x600.jpg\" class=\"swiper-lazy\">\n                            <div class=\"swiper-lazy-preloader\"><\/div>\n                        <\/a>\n                                            <\/div>\n                                        <div class=\"swiper-slide\">\n                        <a href=\"https:\/\/www.lortolana.com\/wp-content\/uploads\/2022\/05\/LORTOLANA-asparagi-azienda-14.jpg\" data-fancybox=\"gallery\">\n                            <img data-src=\"https:\/\/www.lortolana.com\/wp-content\/uploads\/2022\/05\/LORTOLANA-asparagi-azienda-14-800x600.jpg\" class=\"swiper-lazy\">\n                            <div class=\"swiper-lazy-preloader\"><\/div>\n                        <\/a>\n                                            <\/div>\n                                        <div class=\"swiper-slide\">\n                        <a href=\"https:\/\/www.lortolana.com\/wp-content\/uploads\/2022\/05\/LORTOLANA-asparagi-bancaletto-9.jpg\" data-fancybox=\"gallery\">\n                            <img data-src=\"https:\/\/www.lortolana.com\/wp-content\/uploads\/2022\/05\/LORTOLANA-asparagi-bancaletto-9-800x600.jpg\" class=\"swiper-lazy\">\n                            <div class=\"swiper-lazy-preloader\"><\/div>\n                        <\/a>\n                                            <\/div>\n                                        <div class=\"swiper-slide\">\n                        <a href=\"https:\/\/www.lortolana.com\/wp-content\/uploads\/2022\/05\/LORTOLANA-asparagi-azienda-4.jpg\" data-fancybox=\"gallery\">\n                            <img data-src=\"https:\/\/www.lortolana.com\/wp-content\/uploads\/2022\/05\/LORTOLANA-asparagi-azienda-4-800x600.jpg\" class=\"swiper-lazy\">\n                            <div class=\"swiper-lazy-preloader\"><\/div>\n                        <\/a>\n                                            <\/div>\n                                        <div class=\"swiper-slide\">\n                        <a href=\"https:\/\/www.lortolana.com\/wp-content\/uploads\/2022\/05\/LORTOLANA-asparagi-bancaletto-6.jpg\" data-fancybox=\"gallery\">\n                            <img data-src=\"https:\/\/www.lortolana.com\/wp-content\/uploads\/2022\/05\/LORTOLANA-asparagi-bancaletto-6-800x600.jpg\" class=\"swiper-lazy\">\n                            <div class=\"swiper-lazy-preloader\"><\/div>\n                        <\/a>\n                                            <\/div>\n                                        <div class=\"swiper-slide\">\n                        <a href=\"https:\/\/www.lortolana.com\/wp-content\/uploads\/2022\/05\/LORTOLANA-asparagi-gruppi-18.jpg\" data-fancybox=\"gallery\">\n                            <img data-src=\"https:\/\/www.lortolana.com\/wp-content\/uploads\/2022\/05\/LORTOLANA-asparagi-gruppi-18-800x600.jpg\" class=\"swiper-lazy\">\n                            <div class=\"swiper-lazy-preloader\"><\/div>\n                        <\/a>\n                                            <\/div>\n                                <\/div>\n            <div class=\"navigation-box\">\n                <div class=\"swiper-previous\">\n                    <svg xmlns=\"http:\/\/www.w3.org\/2000\/svg\" width=\"95\" height=\"95\" viewBox=\"0 0 95 95\"><g id=\"arrow\" transform=\"translate(-1792 -655)\"><g id=\"Raggruppa_260\" data-name=\"Raggruppa 260\" transform=\"translate(3107 2452.011) rotate(180)\"><g id=\"ctrl-left\" transform=\"translate(1281.879 1744.986)\"><path id=\"Path\" d=\"M-5,0-.29,4.525-5,9.05\" transform=\"translate(5)\" fill=\"none\" stroke=\"#254028\" stroke-linecap=\"round\" stroke-linejoin=\"round\" stroke-miterlimit=\"10\" stroke-width=\"1\"\/><\/g><rect id=\"Rettangolo_102\" data-name=\"Rettangolo 102\" width=\"39\" height=\"1\" rx=\"0.5\" transform=\"translate(1248 1749)\" fill=\"#254028\"\/><\/g><g id=\"Oval\" transform=\"translate(1792 655)\" fill=\"none\" stroke=\"#254028\" stroke-miterlimit=\"10\" stroke-width=\"1\"><circle cx=\"47.5\" cy=\"47.5\" r=\"47.5\" stroke=\"none\"\/><circle cx=\"47.5\" cy=\"47.5\" r=\"47\" fill=\"none\"\/><\/g><\/g><\/svg>\n                <\/div>\n                <div class=\"swiper-next\">\n                    <svg style=\"transform: rotate(180deg);\" xmlns=\"http:\/\/www.w3.org\/2000\/svg\" width=\"95\" height=\"95\" viewBox=\"0 0 95 95\"><g id=\"arrow\" transform=\"translate(-1792 -655)\"><g id=\"Raggruppa_260\" data-name=\"Raggruppa 260\" transform=\"translate(3107 2452.011) rotate(180)\"><g id=\"ctrl-left\" transform=\"translate(1281.879 1744.986)\"><path id=\"Path\" d=\"M-5,0-.29,4.525-5,9.05\" transform=\"translate(5)\" fill=\"none\" stroke=\"#254028\" stroke-linecap=\"round\" stroke-linejoin=\"round\" stroke-miterlimit=\"10\" stroke-width=\"1\"\/><\/g><rect id=\"Rettangolo_102\" data-name=\"Rettangolo 102\" width=\"39\" height=\"1\" rx=\"0.5\" transform=\"translate(1248 1749)\" fill=\"#254028\"\/><\/g><g id=\"Oval\" transform=\"translate(1792 655)\" fill=\"none\" stroke=\"#254028\" stroke-miterlimit=\"10\" stroke-width=\"1\"><circle cx=\"47.5\" cy=\"47.5\" r=\"47.5\" stroke=\"none\"\/><circle cx=\"47.5\" cy=\"47.5\" r=\"47\" fill=\"none\"\/><\/g><\/g><\/svg>\n                <\/div>\n            <\/div>\n                <\/div>\n    \n    <script>\n    var mySwiper = new Swiper ('#swiper_gallery-block_a66ab23371af47e2920fa1d0e2af1773',\n        {\n        loop: false,\n        navigation: {nextEl: '#swiper_gallery-block_a66ab23371af47e2920fa1d0e2af1773 .swiper-next',prevEl: '#swiper_gallery-block_a66ab23371af47e2920fa1d0e2af1773 .swiper-previous',},\n        grabCursor: true,\n        speed:1500,\n        keyboard:true,\n        lazy: {loadPrevNext: true,},\n        preloadImages: false,\n        slidesPerView: 1,\n        spaceBetween: 30,\n        breakpoints:\n            {\n            600:\n                {\n                slidesPerView: 1,\n                spaceBetween: 40\n                },\n            1200:\n                {\n                slidesPerView: 2,\n                spaceBetween: 60\n                },\n            1600:\n                {\n                slidesPerView: 2,\n                spaceBetween: 100\n                }\n            },\n        });\n    <\/script>\n\n\n<p class=\"has-text-align-center is-style-BigTitle\">SAISONALIT\u00c4T<\/p>\n\n\n    <div id=\"cb_seasonality-block_09e0b89ad91e51ffa057d75be211923d\" class=\"cb_seasonality cb_seasonality\">\n        <div class=\"cb_seasonality_wrapper\">\n                    <div class=\"SingleMonthRow\">\n                <div class=\"SingleMonthRow_Lbl\">Januar<\/div>\n                            <\/div>\n                        <div class=\"SingleMonthRow\">\n                <div class=\"SingleMonthRow_Lbl\">Februar<\/div>\n                            <\/div>\n                        <div class=\"SingleMonthRow\">\n                <div class=\"SingleMonthRow_Lbl\">M\u00e4rz<\/div>\n                <div class=\"SingleMonthRow_img\"><img decoding=\"async\" src=\"https:\/\/www.lortolana.com\/wp-content\/uploads\/2022\/05\/ico-radicchio-asparago-verde.svg\"><\/div>            <\/div>\n                        <div class=\"SingleMonthRow\">\n                <div class=\"SingleMonthRow_Lbl\">April<\/div>\n                <div class=\"SingleMonthRow_img\"><img decoding=\"async\" src=\"https:\/\/www.lortolana.com\/wp-content\/uploads\/2022\/05\/ico-radicchio-asparago-verde.svg\"><\/div>            <\/div>\n                        <div class=\"SingleMonthRow\">\n                <div class=\"SingleMonthRow_Lbl\">Mai<\/div>\n                <div class=\"SingleMonthRow_img\"><img decoding=\"async\" src=\"https:\/\/www.lortolana.com\/wp-content\/uploads\/2022\/05\/ico-radicchio-asparago-verde.svg\"><\/div>            <\/div>\n                        <div class=\"SingleMonthRow\">\n                <div class=\"SingleMonthRow_Lbl\">Juni<\/div>\n                            <\/div>\n                        <div class=\"SingleMonthRow\">\n                <div class=\"SingleMonthRow_Lbl\">Juli<\/div>\n                            <\/div>\n                        <div class=\"SingleMonthRow\">\n                <div class=\"SingleMonthRow_Lbl\">August<\/div>\n                            <\/div>\n                        <div class=\"SingleMonthRow\">\n                <div class=\"SingleMonthRow_Lbl\">September<\/div>\n                            <\/div>\n                        <div class=\"SingleMonthRow\">\n                <div class=\"SingleMonthRow_Lbl\">Oktober<\/div>\n                            <\/div>\n                        <div class=\"SingleMonthRow\">\n                <div class=\"SingleMonthRow_Lbl\">November<\/div>\n                            <\/div>\n                        <div class=\"SingleMonthRow\">\n                <div class=\"SingleMonthRow_Lbl\">Dezember<\/div>\n                            <\/div>\n                    <\/div>\n    <\/div>\n    <\/div><\/div>\n","protected":false},"excerpt":{"rendered":"<p>Unsere Produktion<\/p>\n","protected":false},"featured_media":1257,"parent":0,"menu_order":90,"template":"","meta":{"inline_featured_image":false},"acf":[],"yoast_head":"<title>Asparago Verde<\/title>\n<meta name=\"robots\" content=\"index, follow, max-snippet:-1, max-image-preview:large, max-video-preview:-1\" \/>\n<link rel=\"canonical\" href=\"https:\/\/www.lortolana.com\/de\/produkte\/asparago-verde\/\" \/>\n<meta property=\"og:locale\" content=\"de_DE\" \/>\n<meta property=\"og:type\" content=\"article\" \/>\n<meta property=\"og:title\" content=\"Asparago Verde\" \/>\n<meta property=\"og:description\" content=\"Unsere Produktion\" \/>\n<meta property=\"og:url\" content=\"https:\/\/www.lortolana.com\/de\/produkte\/asparago-verde\/\" \/>\n<meta property=\"og:site_name\" content=\"L&#039;Ortolana\" \/>\n<meta property=\"article:modified_time\" content=\"2022-12-06T10:31:08+00:00\" \/>\n<meta property=\"og:image\" content=\"https:\/\/www.lortolana.com\/wp-content\/uploads\/2022\/06\/LORTOLANA-asparagi-sfusi-15.jpg\" \/>\n\t<meta property=\"og:image:width\" content=\"1600\" \/>\n\t<meta property=\"og:image:height\" content=\"1067\" \/>\n\t<meta property=\"og:image:type\" content=\"image\/jpeg\" \/>\n<meta name=\"twitter:card\" content=\"summary_large_image\" \/>\n<meta name=\"twitter:label1\" content=\"Gesch\u00e4tzte Lesezeit\" \/>\n\t<meta name=\"twitter:data1\" content=\"1 Minute\" \/>\n<script type=\"application\/ld+json\" class=\"yoast-schema-graph\">{\"@context\":\"https:\/\/schema.org\",\"@graph\":[{\"@type\":\"WebPage\",\"@id\":\"https:\/\/www.lortolana.com\/de\/produkte\/asparago-verde\/\",\"url\":\"https:\/\/www.lortolana.com\/de\/produkte\/asparago-verde\/\",\"name\":\"Asparago Verde\",\"isPartOf\":{\"@id\":\"https:\/\/www.lortolana.com\/de\/#website\"},\"datePublished\":\"2022-06-14T13:08:39+00:00\",\"dateModified\":\"2022-12-06T10:31:08+00:00\",\"breadcrumb\":{\"@id\":\"https:\/\/www.lortolana.com\/de\/produkte\/asparago-verde\/#breadcrumb\"},\"inLanguage\":\"de-DE\",\"potentialAction\":[{\"@type\":\"ReadAction\",\"target\":[\"https:\/\/www.lortolana.com\/de\/produkte\/asparago-verde\/\"]}]},{\"@type\":\"BreadcrumbList\",\"@id\":\"https:\/\/www.lortolana.com\/de\/produkte\/asparago-verde\/#breadcrumb\",\"itemListElement\":[{\"@type\":\"ListItem\",\"position\":1,\"name\":\"Home\",\"item\":\"https:\/\/www.lortolana.com\/de\/\"},{\"@type\":\"ListItem\",\"position\":2,\"name\":\"Products\",\"item\":\"https:\/\/www.lortolana.com\/de\/produkte\/\"},{\"@type\":\"ListItem\",\"position\":3,\"name\":\"Asparago Verde\"}]},{\"@type\":\"WebSite\",\"@id\":\"https:\/\/www.lortolana.com\/de\/#website\",\"url\":\"https:\/\/www.lortolana.com\/de\/\",\"name\":\"L&#039;Ortolana\",\"description\":\"L\u2019amore per il territorio e i suoi sapori\",\"publisher\":{\"@id\":\"https:\/\/www.lortolana.com\/de\/#organization\"},\"potentialAction\":[{\"@type\":\"SearchAction\",\"target\":{\"@type\":\"EntryPoint\",\"urlTemplate\":\"https:\/\/www.lortolana.com\/de\/?s={search_term_string}\"},\"query-input\":\"required name=search_term_string\"}],\"inLanguage\":\"de-DE\"},{\"@type\":\"Organization\",\"@id\":\"https:\/\/www.lortolana.com\/de\/#organization\",\"name\":\"L&#039;Ortolana\",\"url\":\"https:\/\/www.lortolana.com\/de\/\",\"logo\":{\"@type\":\"ImageObject\",\"inLanguage\":\"de-DE\",\"@id\":\"https:\/\/www.lortolana.com\/de\/#\/schema\/logo\/image\/\",\"url\":\"https:\/\/www.lortolana.com\/wp-content\/uploads\/2022\/05\/logo-l-ortolana.svg\",\"contentUrl\":\"https:\/\/www.lortolana.com\/wp-content\/uploads\/2022\/05\/logo-l-ortolana.svg\",\"width\":260,\"height\":71,\"caption\":\"L&#039;Ortolana\"},\"image\":{\"@id\":\"https:\/\/www.lortolana.com\/de\/#\/schema\/logo\/image\/\"}}]}<\/script>","yoast_head_json":{"title":"Asparago Verde","robots":{"index":"index","follow":"follow","max-snippet":"max-snippet:-1","max-image-preview":"max-image-preview:large","max-video-preview":"max-video-preview:-1"},"canonical":"https:\/\/www.lortolana.com\/de\/produkte\/asparago-verde\/","og_locale":"de_DE","og_type":"article","og_title":"Asparago Verde","og_description":"Unsere Produktion","og_url":"https:\/\/www.lortolana.com\/de\/produkte\/asparago-verde\/","og_site_name":"L&#039;Ortolana","article_modified_time":"2022-12-06T10:31:08+00:00","og_image":[{"width":1600,"height":1067,"url":"https:\/\/www.lortolana.com\/wp-content\/uploads\/2022\/06\/LORTOLANA-asparagi-sfusi-15.jpg","type":"image\/jpeg"}],"twitter_card":"summary_large_image","twitter_misc":{"Gesch\u00e4tzte Lesezeit":"1 Minute"},"schema":{"@context":"https:\/\/schema.org","@graph":[{"@type":"WebPage","@id":"https:\/\/www.lortolana.com\/de\/produkte\/asparago-verde\/","url":"https:\/\/www.lortolana.com\/de\/produkte\/asparago-verde\/","name":"Asparago Verde","isPartOf":{"@id":"https:\/\/www.lortolana.com\/de\/#website"},"datePublished":"2022-06-14T13:08:39+00:00","dateModified":"2022-12-06T10:31:08+00:00","breadcrumb":{"@id":"https:\/\/www.lortolana.com\/de\/produkte\/asparago-verde\/#breadcrumb"},"inLanguage":"de-DE","potentialAction":[{"@type":"ReadAction","target":["https:\/\/www.lortolana.com\/de\/produkte\/asparago-verde\/"]}]},{"@type":"BreadcrumbList","@id":"https:\/\/www.lortolana.com\/de\/produkte\/asparago-verde\/#breadcrumb","itemListElement":[{"@type":"ListItem","position":1,"name":"Home","item":"https:\/\/www.lortolana.com\/de\/"},{"@type":"ListItem","position":2,"name":"Products","item":"https:\/\/www.lortolana.com\/de\/produkte\/"},{"@type":"ListItem","position":3,"name":"Asparago Verde"}]},{"@type":"WebSite","@id":"https:\/\/www.lortolana.com\/de\/#website","url":"https:\/\/www.lortolana.com\/de\/","name":"L&#039;Ortolana","description":"L\u2019amore per il territorio e i suoi sapori","publisher":{"@id":"https:\/\/www.lortolana.com\/de\/#organization"},"potentialAction":[{"@type":"SearchAction","target":{"@type":"EntryPoint","urlTemplate":"https:\/\/www.lortolana.com\/de\/?s={search_term_string}"},"query-input":"required name=search_term_string"}],"inLanguage":"de-DE"},{"@type":"Organization","@id":"https:\/\/www.lortolana.com\/de\/#organization","name":"L&#039;Ortolana","url":"https:\/\/www.lortolana.com\/de\/","logo":{"@type":"ImageObject","inLanguage":"de-DE","@id":"https:\/\/www.lortolana.com\/de\/#\/schema\/logo\/image\/","url":"https:\/\/www.lortolana.com\/wp-content\/uploads\/2022\/05\/logo-l-ortolana.svg","contentUrl":"https:\/\/www.lortolana.com\/wp-content\/uploads\/2022\/05\/logo-l-ortolana.svg","width":260,"height":71,"caption":"L&#039;Ortolana"},"image":{"@id":"https:\/\/www.lortolana.com\/de\/#\/schema\/logo\/image\/"}}]}},"_links":{"self":[{"href":"https:\/\/www.lortolana.com\/de\/wp-json\/wp\/v2\/product\/1455"}],"collection":[{"href":"https:\/\/www.lortolana.com\/de\/wp-json\/wp\/v2\/product"}],"about":[{"href":"https:\/\/www.lortolana.com\/de\/wp-json\/wp\/v2\/types\/product"}],"version-history":[{"count":6,"href":"https:\/\/www.lortolana.com\/de\/wp-json\/wp\/v2\/product\/1455\/revisions"}],"predecessor-version":[{"id":1854,"href":"https:\/\/www.lortolana.com\/de\/wp-json\/wp\/v2\/product\/1455\/revisions\/1854"}],"wp:featuredmedia":[{"embeddable":true,"href":"https:\/\/www.lortolana.com\/de\/wp-json\/wp\/v2\/media\/1257"}],"wp:attachment":[{"href":"https:\/\/www.lortolana.com\/de\/wp-json\/wp\/v2\/media?parent=1455"}],"curies":[{"name":"wp","href":"https:\/\/api.w.org\/{rel}","templated":true}]}}