{"id":1434,"date":"2022-05-23T15:41:08","date_gmt":"2022-05-23T13:41:08","guid":{"rendered":"https:\/\/www.lortolana.com\/le-risorgive-del-sile\/"},"modified":"2022-12-06T11:55:07","modified_gmt":"2022-12-06T10:55:07","slug":"die-karstquellen-des-flusses-sile","status":"publish","type":"page","link":"https:\/\/www.lortolana.com\/de\/die-karstquellen-des-flusses-sile\/","title":{"rendered":"die Karstquellen des Flusses Sile"},"content":{"rendered":"\n<div class=\"is-layout-flex wp-container-3 wp-block-columns\">\n<div class=\"is-layout-flow wp-block-column\">\n<p class=\"is-style-AlternativeMedium\">Der unbestrittene K\u00f6nig der Provinz Marca sowie das Aush\u00e4ngeschild von L\u2019Ortolana ist zweifelsohne der Radicchio Rosso di Treviso IGP Tardivo: Ein Gem\u00fcse, das heute auf der ganzen Welt gesch\u00e4tzt und beneidet wird, jedoch nirgendwo anders angebaut werden kann. Und warum?<\/p>\n\n\n\n<p>Seine Einzigartigkeit ist einer besonderen und unersetzlichen Zutat zu verdanken: dem klaren Wasser der Karstquellen des Flusses Sile, die l\u00e4ngsten in ganz Europa. Ihre Reinheit und die konstante Temperatur sind f\u00fcr die Bleichphase unerl\u00e4sslich, bei der die K\u00f6pfe mit der Wurzel f\u00fcr einen Zeitraum von etwa 15-20 Tagen im Dunkeln in die Karstquelle gelegt werden.<\/p>\n\n\n\n<p>Hier betreibt die Natur Zauberei: Die Pflanze wacht auf, aber das fehlende Licht blockiert die Produktion von fotosynthetischen Pigmenten wie Chlorophyll, was das Entstehen neuer wei\u00dfer und rot-violetter Bl\u00e4tter anstelle von gr\u00fcnen beg\u00fcnstigt.<\/p>\n\n\n\n<p>Eine wahre Sch\u00f6nheit f\u00fcr die Augen, ein wahrer Genuss f\u00fcr den Gaumen!<\/p>\n<\/div>\n\n\n\n<div class=\"is-layout-flow wp-block-column\">\n<figure class=\"wp-block-image size-full\"><img decoding=\"async\" loading=\"lazy\" width=\"690\" height=\"765\" src=\"https:\/\/www.lortolana.com\/wp-content\/uploads\/2022\/05\/le-risorgive-del-sile-1-1.jpg\" alt=\"\" class=\"wp-image-249\"\/><\/figure>\n<\/div>\n<\/div>\n\n\n    <div id=\"swiper_gallery-block_29d7217fd24cf6f8379c304e137bbf24\" class=\"swiper-container swiper_gallery\">\n                    <div class=\"swiper-wrapper\">\n                                    <div class=\"swiper-slide\">\n                        <a href=\"https:\/\/www.lortolana.com\/wp-content\/uploads\/2022\/05\/DSC00779-1.jpg\" data-fancybox=\"gallery\">\n                            <img data-src=\"https:\/\/www.lortolana.com\/wp-content\/uploads\/2022\/05\/DSC00779-1-800x600.jpg\" class=\"swiper-lazy\">\n                            <div class=\"swiper-lazy-preloader\"><\/div>\n                        <\/a>\n                                            <\/div>\n                                        <div class=\"swiper-slide\">\n                        <a href=\"https:\/\/www.lortolana.com\/wp-content\/uploads\/2022\/11\/DSC00721.jpg\" data-fancybox=\"gallery\">\n                            <img data-src=\"https:\/\/www.lortolana.com\/wp-content\/uploads\/2022\/11\/DSC00721-800x600.jpg\" class=\"swiper-lazy\">\n                            <div class=\"swiper-lazy-preloader\"><\/div>\n                        <\/a>\n                                            <\/div>\n                                        <div class=\"swiper-slide\">\n                        <a href=\"https:\/\/www.lortolana.com\/wp-content\/uploads\/2022\/05\/DSC00747.jpg\" data-fancybox=\"gallery\">\n                            <img data-src=\"https:\/\/www.lortolana.com\/wp-content\/uploads\/2022\/05\/DSC00747-800x600.jpg\" class=\"swiper-lazy\">\n                            <div class=\"swiper-lazy-preloader\"><\/div>\n                        <\/a>\n                                            <\/div>\n                                        <div class=\"swiper-slide\">\n                        <a href=\"https:\/\/www.lortolana.com\/wp-content\/uploads\/2022\/11\/DSC00749.jpg\" data-fancybox=\"gallery\">\n                            <img data-src=\"https:\/\/www.lortolana.com\/wp-content\/uploads\/2022\/11\/DSC00749-800x600.jpg\" class=\"swiper-lazy\">\n                            <div class=\"swiper-lazy-preloader\"><\/div>\n                        <\/a>\n                                            <\/div>\n                                        <div class=\"swiper-slide\">\n                        <a href=\"https:\/\/www.lortolana.com\/wp-content\/uploads\/2022\/05\/DSC00951.jpg\" data-fancybox=\"gallery\">\n                            <img data-src=\"https:\/\/www.lortolana.com\/wp-content\/uploads\/2022\/05\/DSC00951-800x600.jpg\" class=\"swiper-lazy\">\n                            <div class=\"swiper-lazy-preloader\"><\/div>\n                        <\/a>\n                                            <\/div>\n                                        <div class=\"swiper-slide\">\n                        <a href=\"https:\/\/www.lortolana.com\/wp-content\/uploads\/2022\/05\/DSC01001.jpg\" data-fancybox=\"gallery\">\n                            <img data-src=\"https:\/\/www.lortolana.com\/wp-content\/uploads\/2022\/05\/DSC01001-800x600.jpg\" class=\"swiper-lazy\">\n                            <div class=\"swiper-lazy-preloader\"><\/div>\n                        <\/a>\n                                            <\/div>\n                                <\/div>\n            <div class=\"navigation-box\">\n                <div class=\"swiper-previous\">\n                    <svg xmlns=\"http:\/\/www.w3.org\/2000\/svg\" width=\"95\" height=\"95\" viewBox=\"0 0 95 95\"><g id=\"arrow\" transform=\"translate(-1792 -655)\"><g id=\"Raggruppa_260\" data-name=\"Raggruppa 260\" transform=\"translate(3107 2452.011) rotate(180)\"><g id=\"ctrl-left\" transform=\"translate(1281.879 1744.986)\"><path id=\"Path\" d=\"M-5,0-.29,4.525-5,9.05\" transform=\"translate(5)\" fill=\"none\" stroke=\"#254028\" stroke-linecap=\"round\" stroke-linejoin=\"round\" stroke-miterlimit=\"10\" stroke-width=\"1\"\/><\/g><rect id=\"Rettangolo_102\" data-name=\"Rettangolo 102\" width=\"39\" height=\"1\" rx=\"0.5\" transform=\"translate(1248 1749)\" fill=\"#254028\"\/><\/g><g id=\"Oval\" transform=\"translate(1792 655)\" fill=\"none\" stroke=\"#254028\" stroke-miterlimit=\"10\" stroke-width=\"1\"><circle cx=\"47.5\" cy=\"47.5\" r=\"47.5\" stroke=\"none\"\/><circle cx=\"47.5\" cy=\"47.5\" r=\"47\" fill=\"none\"\/><\/g><\/g><\/svg>\n                <\/div>\n                <div class=\"swiper-next\">\n                    <svg style=\"transform: rotate(180deg);\" xmlns=\"http:\/\/www.w3.org\/2000\/svg\" width=\"95\" height=\"95\" viewBox=\"0 0 95 95\"><g id=\"arrow\" transform=\"translate(-1792 -655)\"><g id=\"Raggruppa_260\" data-name=\"Raggruppa 260\" transform=\"translate(3107 2452.011) rotate(180)\"><g id=\"ctrl-left\" transform=\"translate(1281.879 1744.986)\"><path id=\"Path\" d=\"M-5,0-.29,4.525-5,9.05\" transform=\"translate(5)\" fill=\"none\" stroke=\"#254028\" stroke-linecap=\"round\" stroke-linejoin=\"round\" stroke-miterlimit=\"10\" stroke-width=\"1\"\/><\/g><rect id=\"Rettangolo_102\" data-name=\"Rettangolo 102\" width=\"39\" height=\"1\" rx=\"0.5\" transform=\"translate(1248 1749)\" fill=\"#254028\"\/><\/g><g id=\"Oval\" transform=\"translate(1792 655)\" fill=\"none\" stroke=\"#254028\" stroke-miterlimit=\"10\" stroke-width=\"1\"><circle cx=\"47.5\" cy=\"47.5\" r=\"47.5\" stroke=\"none\"\/><circle cx=\"47.5\" cy=\"47.5\" r=\"47\" fill=\"none\"\/><\/g><\/g><\/svg>\n                <\/div>\n            <\/div>\n                <\/div>\n    \n    <script>\n    var mySwiper = new Swiper ('#swiper_gallery-block_29d7217fd24cf6f8379c304e137bbf24',\n        {\n        loop: false,\n        navigation: {nextEl: '#swiper_gallery-block_29d7217fd24cf6f8379c304e137bbf24 .swiper-next',prevEl: '#swiper_gallery-block_29d7217fd24cf6f8379c304e137bbf24 .swiper-previous',},\n        grabCursor: true,\n        speed:1500,\n        keyboard:true,\n        lazy: {loadPrevNext: true,},\n        preloadImages: false,\n        slidesPerView: 1,\n        spaceBetween: 30,\n        breakpoints:\n            {\n            600:\n                {\n                slidesPerView: 1,\n                spaceBetween: 40\n                },\n            1200:\n                {\n                slidesPerView: 2,\n                spaceBetween: 60\n                },\n            1600:\n                {\n                slidesPerView: 2,\n                spaceBetween: 100\n                }\n            },\n        });\n    <\/script>\n\n\n<div style=\"height:100px\" aria-hidden=\"true\" class=\"wp-block-spacer\"><\/div>\n\n\n    <div id=\"cb_cta-block_3797db1fc175dcd63811d130b7120f2c\" class=\"cb_cta cb_cta\">\n        <div class=\"cb_cta_wrapper\">\n            <div class=\"cb_cta_TitleWrapper\">\n                <div class=\"cb_cta_title medium\">Ben\u00f6tigen Sie weitere Informationen?<\/div>\n                <div class=\"cb_cta_descr\">Schreiben Sie hier und wir geben Ihnen alle Unterst\u00fctzung, die Sie ben\u00f6tigen.<\/div>\n            <\/div>\n            \n<div class=\"wpcf7 no-js\" id=\"wpcf7-f1548-o1\" lang=\"de-DE\" dir=\"ltr\">\n<div class=\"screen-reader-response\"><p role=\"status\" aria-live=\"polite\" aria-atomic=\"true\"><\/p> <ul><\/ul><\/div>\n<form action=\"\/de\/wp-json\/wp\/v2\/pages\/1434#wpcf7-f1548-o1\" method=\"post\" class=\"wpcf7-form init wpcf7-acceptance-as-validation\" aria-label=\"Kontaktformular\" novalidate=\"novalidate\" data-status=\"init\">\n<div style=\"display: none;\">\n<input type=\"hidden\" name=\"_wpcf7\" value=\"1548\" \/>\n<input type=\"hidden\" name=\"_wpcf7_version\" value=\"5.7.3\" \/>\n<input type=\"hidden\" name=\"_wpcf7_locale\" value=\"de_DE\" \/>\n<input type=\"hidden\" name=\"_wpcf7_unit_tag\" value=\"wpcf7-f1548-o1\" \/>\n<input type=\"hidden\" name=\"_wpcf7_container_post\" value=\"0\" \/>\n<input type=\"hidden\" name=\"_wpcf7_posted_data_hash\" value=\"\" \/>\n<\/div>\n<div class=\"ContactModule ContactModule_ContactCTA\">\n\t<div class=\"row\">\n\t\t<div class=\"col-12 col-md-4\">\n\t\t\t<div class=\"row\">\n\t\t\t\t<div class=\"col-12 col-md-6\">\n\t\t\t\t\t<div class=\"inputFormField inputFormField_namesurname\">\n\t\t\t\t\t\t<p><span class=\"wpcf7-form-control-wrap\" data-name=\"your-name\"><input size=\"40\" class=\"wpcf7-form-control wpcf7-text wpcf7-validates-as-required\" aria-required=\"true\" aria-invalid=\"false\" placeholder=\"Name und Nachname*\" value=\"\" type=\"text\" name=\"your-name\" \/><\/span>\n\t\t\t\t\t\t<\/p>\n\t\t\t\t\t<\/div>\n\t\t\t\t<\/div>\n\t\t\t\t<div class=\"col-12 col-md-6\">\n\t\t\t\t\t<div class=\"inputFormField inputFormField_company\">\n\t\t\t\t\t\t<p><span class=\"wpcf7-form-control-wrap\" data-name=\"your-company\"><input size=\"40\" class=\"wpcf7-form-control wpcf7-text\" aria-invalid=\"false\" placeholder=\"Agentur\" value=\"\" type=\"text\" name=\"your-company\" \/><\/span>\n\t\t\t\t\t\t<\/p>\n\t\t\t\t\t<\/div>\n\t\t\t\t<\/div>\n\t\t\t\t<div class=\"col-12 col-md-6\">\n\t\t\t\t\t<div class=\"inputFormField inputFormField_phone\">\n\t\t\t\t\t\t<p><span class=\"wpcf7-form-control-wrap\" data-name=\"your-phone\"><input size=\"40\" class=\"wpcf7-form-control wpcf7-text wpcf7-tel wpcf7-validates-as-tel\" aria-invalid=\"false\" placeholder=\"Telefon\" value=\"\" type=\"tel\" name=\"your-phone\" \/><\/span>\n\t\t\t\t\t\t<\/p>\n\t\t\t\t\t<\/div>\n\t\t\t\t<\/div>\n\t\t\t\t<div class=\"col-12 col-md-6\">\n\t\t\t\t\t<div class=\"inputFormField inputFormField_email\">\n\t\t\t\t\t\t<p><span class=\"wpcf7-form-control-wrap\" data-name=\"your-email\"><input size=\"40\" class=\"wpcf7-form-control wpcf7-text wpcf7-email wpcf7-validates-as-required wpcf7-validates-as-email\" aria-required=\"true\" aria-invalid=\"false\" placeholder=\"Email*\" value=\"\" type=\"email\" name=\"your-email\" \/><\/span>\n\t\t\t\t\t\t<\/p>\n\t\t\t\t\t<\/div>\n\t\t\t\t<\/div>\n\t\t\t<\/div>\n\t\t<\/div>\n\t\t<div class=\"col-12 col-md-4\">\n\t\t\t<div class=\"inputFormField inputFormField_message\">\n\t\t\t\t<p><span class=\"wpcf7-form-control-wrap\" data-name=\"your-message\"><textarea cols=\"40\" rows=\"10\" class=\"wpcf7-form-control wpcf7-textarea wpcf7-validates-as-required\" aria-required=\"true\" aria-invalid=\"false\" placeholder=\"Anfrage*\" name=\"your-message\"><\/textarea><\/span>\n\t\t\t\t<\/p>\n\t\t\t<\/div>\n\t\t<\/div>\n\t\t<div class=\"col-12 col-md-4\">\n\t\t\t<div class=\"FormField_lastbox\">\n\t\t\t\t<div class=\"FormField_privacybox\">\n\t\t\t\t\t<p><label><span class=\"wpcf7-form-control-wrap\" data-name=\"privacybox\"><span class=\"wpcf7-form-control wpcf7-acceptance\"><span class=\"wpcf7-list-item\"><input type=\"checkbox\" name=\"privacybox\" value=\"1\" aria-invalid=\"false\" \/><\/span><\/span><\/span><span class=\"FormField_privacybox_text\">Ich erkl\u00e4re, dass ich die <a href=\"\/de\/privacy-policy\/\" target=\"_blank\">Datenschutzerkl\u00e4rung gelesen habe<\/a>*<\/span><\/label>\n\t\t\t\t\t<\/p>\n\t\t\t\t<\/div>\n\t\t\t\t<div class=\"FormField_submit\">\n\t\t\t\t\t<div>\n\t\t\t\t\t\t<p><input class=\"wpcf7-form-control has-spinner wpcf7-submit BtnTipo1\" type=\"submit\" value=\"ANFRAGE ABSENDEN\" \/>\n\t\t\t\t\t\t<\/p>\n\t\t\t\t\t<\/div>\n\t\t\t\t<\/div>\n\t\t\t\t<div class=\"FormField_CallUs\">\n\t\t\t\t\t<p>Oder rufen Sie uns an unter <a href=\"tel:+390422345033\">+39 0422.345033<\/a>\n\t\t\t\t\t<\/p>\n\t\t\t\t<\/div>\n\t\t\t<\/div>\n\t\t<\/div>\n\t<\/div>\n<\/div><p style=\"display: none !important;\"><label>&#916;<textarea name=\"_wpcf7_ak_hp_textarea\" cols=\"45\" rows=\"8\" maxlength=\"100\"><\/textarea><\/label><input type=\"hidden\" id=\"ak_js_1\" name=\"_wpcf7_ak_js\" value=\"117\"\/><script>document.getElementById( \"ak_js_1\" ).setAttribute( \"value\", ( new Date() ).getTime() );<\/script><\/p><div class=\"wpcf7-response-output\" aria-hidden=\"true\"><\/div>\n<\/form>\n<\/div>\n        <\/div>\n    <\/div>\n    ","protected":false},"excerpt":{"rendered":"<p>Eine einzigartige Zutat<\/p>\n","protected":false},"author":3,"featured_media":807,"parent":0,"menu_order":0,"comment_status":"closed","ping_status":"closed","template":"","meta":{"inline_featured_image":false},"acf":[],"yoast_head":"<title>die Karstquellen des Flusses Sile<\/title>\n<meta name=\"robots\" content=\"index, follow, max-snippet:-1, max-image-preview:large, max-video-preview:-1\" \/>\n<link rel=\"canonical\" href=\"https:\/\/www.lortolana.com\/de\/die-karstquellen-des-flusses-sile\/\" \/>\n<meta property=\"og:locale\" content=\"de_DE\" \/>\n<meta property=\"og:type\" content=\"article\" \/>\n<meta property=\"og:title\" content=\"die Karstquellen des Flusses Sile\" \/>\n<meta property=\"og:description\" content=\"Eine einzigartige Zutat\" \/>\n<meta property=\"og:url\" content=\"https:\/\/www.lortolana.com\/de\/die-karstquellen-des-flusses-sile\/\" \/>\n<meta property=\"og:site_name\" content=\"L&#039;Ortolana\" \/>\n<meta property=\"article:modified_time\" content=\"2022-12-06T10:55:07+00:00\" \/>\n<meta property=\"og:image\" content=\"https:\/\/www.lortolana.com\/wp-content\/uploads\/2022\/05\/le-risorgive-del-sile-1.jpg\" \/>\n\t<meta property=\"og:image:width\" content=\"1500\" \/>\n\t<meta property=\"og:image:height\" content=\"1080\" \/>\n\t<meta property=\"og:image:type\" content=\"image\/jpeg\" \/>\n<meta name=\"twitter:card\" content=\"summary_large_image\" \/>\n<meta name=\"twitter:label1\" content=\"Gesch\u00e4tzte Lesezeit\" \/>\n\t<meta name=\"twitter:data1\" content=\"1 Minute\" \/>\n<script type=\"application\/ld+json\" class=\"yoast-schema-graph\">{\"@context\":\"https:\/\/schema.org\",\"@graph\":[{\"@type\":\"WebPage\",\"@id\":\"https:\/\/www.lortolana.com\/de\/die-karstquellen-des-flusses-sile\/\",\"url\":\"https:\/\/www.lortolana.com\/de\/die-karstquellen-des-flusses-sile\/\",\"name\":\"die Karstquellen des Flusses Sile\",\"isPartOf\":{\"@id\":\"https:\/\/www.lortolana.com\/de\/#website\"},\"datePublished\":\"2022-05-23T13:41:08+00:00\",\"dateModified\":\"2022-12-06T10:55:07+00:00\",\"breadcrumb\":{\"@id\":\"https:\/\/www.lortolana.com\/de\/die-karstquellen-des-flusses-sile\/#breadcrumb\"},\"inLanguage\":\"de-DE\",\"potentialAction\":[{\"@type\":\"ReadAction\",\"target\":[\"https:\/\/www.lortolana.com\/de\/die-karstquellen-des-flusses-sile\/\"]}]},{\"@type\":\"BreadcrumbList\",\"@id\":\"https:\/\/www.lortolana.com\/de\/die-karstquellen-des-flusses-sile\/#breadcrumb\",\"itemListElement\":[{\"@type\":\"ListItem\",\"position\":1,\"name\":\"Home\",\"item\":\"https:\/\/www.lortolana.com\/de\/\"},{\"@type\":\"ListItem\",\"position\":2,\"name\":\"die Karstquellen des Flusses Sile\"}]},{\"@type\":\"WebSite\",\"@id\":\"https:\/\/www.lortolana.com\/de\/#website\",\"url\":\"https:\/\/www.lortolana.com\/de\/\",\"name\":\"L&#039;Ortolana\",\"description\":\"L\u2019amore per il territorio e i suoi sapori\",\"publisher\":{\"@id\":\"https:\/\/www.lortolana.com\/de\/#organization\"},\"potentialAction\":[{\"@type\":\"SearchAction\",\"target\":{\"@type\":\"EntryPoint\",\"urlTemplate\":\"https:\/\/www.lortolana.com\/de\/?s={search_term_string}\"},\"query-input\":\"required name=search_term_string\"}],\"inLanguage\":\"de-DE\"},{\"@type\":\"Organization\",\"@id\":\"https:\/\/www.lortolana.com\/de\/#organization\",\"name\":\"L&#039;Ortolana\",\"url\":\"https:\/\/www.lortolana.com\/de\/\",\"logo\":{\"@type\":\"ImageObject\",\"inLanguage\":\"de-DE\",\"@id\":\"https:\/\/www.lortolana.com\/de\/#\/schema\/logo\/image\/\",\"url\":\"https:\/\/www.lortolana.com\/wp-content\/uploads\/2022\/05\/logo-l-ortolana.svg\",\"contentUrl\":\"https:\/\/www.lortolana.com\/wp-content\/uploads\/2022\/05\/logo-l-ortolana.svg\",\"width\":260,\"height\":71,\"caption\":\"L&#039;Ortolana\"},\"image\":{\"@id\":\"https:\/\/www.lortolana.com\/de\/#\/schema\/logo\/image\/\"}}]}<\/script>","yoast_head_json":{"title":"die Karstquellen des Flusses Sile","robots":{"index":"index","follow":"follow","max-snippet":"max-snippet:-1","max-image-preview":"max-image-preview:large","max-video-preview":"max-video-preview:-1"},"canonical":"https:\/\/www.lortolana.com\/de\/die-karstquellen-des-flusses-sile\/","og_locale":"de_DE","og_type":"article","og_title":"die Karstquellen des Flusses Sile","og_description":"Eine einzigartige Zutat","og_url":"https:\/\/www.lortolana.com\/de\/die-karstquellen-des-flusses-sile\/","og_site_name":"L&#039;Ortolana","article_modified_time":"2022-12-06T10:55:07+00:00","og_image":[{"width":1500,"height":1080,"url":"https:\/\/www.lortolana.com\/wp-content\/uploads\/2022\/05\/le-risorgive-del-sile-1.jpg","type":"image\/jpeg"}],"twitter_card":"summary_large_image","twitter_misc":{"Gesch\u00e4tzte Lesezeit":"1 Minute"},"schema":{"@context":"https:\/\/schema.org","@graph":[{"@type":"WebPage","@id":"https:\/\/www.lortolana.com\/de\/die-karstquellen-des-flusses-sile\/","url":"https:\/\/www.lortolana.com\/de\/die-karstquellen-des-flusses-sile\/","name":"die Karstquellen des Flusses Sile","isPartOf":{"@id":"https:\/\/www.lortolana.com\/de\/#website"},"datePublished":"2022-05-23T13:41:08+00:00","dateModified":"2022-12-06T10:55:07+00:00","breadcrumb":{"@id":"https:\/\/www.lortolana.com\/de\/die-karstquellen-des-flusses-sile\/#breadcrumb"},"inLanguage":"de-DE","potentialAction":[{"@type":"ReadAction","target":["https:\/\/www.lortolana.com\/de\/die-karstquellen-des-flusses-sile\/"]}]},{"@type":"BreadcrumbList","@id":"https:\/\/www.lortolana.com\/de\/die-karstquellen-des-flusses-sile\/#breadcrumb","itemListElement":[{"@type":"ListItem","position":1,"name":"Home","item":"https:\/\/www.lortolana.com\/de\/"},{"@type":"ListItem","position":2,"name":"die Karstquellen des Flusses Sile"}]},{"@type":"WebSite","@id":"https:\/\/www.lortolana.com\/de\/#website","url":"https:\/\/www.lortolana.com\/de\/","name":"L&#039;Ortolana","description":"L\u2019amore per il territorio e i suoi sapori","publisher":{"@id":"https:\/\/www.lortolana.com\/de\/#organization"},"potentialAction":[{"@type":"SearchAction","target":{"@type":"EntryPoint","urlTemplate":"https:\/\/www.lortolana.com\/de\/?s={search_term_string}"},"query-input":"required name=search_term_string"}],"inLanguage":"de-DE"},{"@type":"Organization","@id":"https:\/\/www.lortolana.com\/de\/#organization","name":"L&#039;Ortolana","url":"https:\/\/www.lortolana.com\/de\/","logo":{"@type":"ImageObject","inLanguage":"de-DE","@id":"https:\/\/www.lortolana.com\/de\/#\/schema\/logo\/image\/","url":"https:\/\/www.lortolana.com\/wp-content\/uploads\/2022\/05\/logo-l-ortolana.svg","contentUrl":"https:\/\/www.lortolana.com\/wp-content\/uploads\/2022\/05\/logo-l-ortolana.svg","width":260,"height":71,"caption":"L&#039;Ortolana"},"image":{"@id":"https:\/\/www.lortolana.com\/de\/#\/schema\/logo\/image\/"}}]}},"_links":{"self":[{"href":"https:\/\/www.lortolana.com\/de\/wp-json\/wp\/v2\/pages\/1434"}],"collection":[{"href":"https:\/\/www.lortolana.com\/de\/wp-json\/wp\/v2\/pages"}],"about":[{"href":"https:\/\/www.lortolana.com\/de\/wp-json\/wp\/v2\/types\/page"}],"author":[{"embeddable":true,"href":"https:\/\/www.lortolana.com\/de\/wp-json\/wp\/v2\/users\/3"}],"replies":[{"embeddable":true,"href":"https:\/\/www.lortolana.com\/de\/wp-json\/wp\/v2\/comments?post=1434"}],"version-history":[{"count":6,"href":"https:\/\/www.lortolana.com\/de\/wp-json\/wp\/v2\/pages\/1434\/revisions"}],"predecessor-version":[{"id":1879,"href":"https:\/\/www.lortolana.com\/de\/wp-json\/wp\/v2\/pages\/1434\/revisions\/1879"}],"wp:featuredmedia":[{"embeddable":true,"href":"https:\/\/www.lortolana.com\/de\/wp-json\/wp\/v2\/media\/807"}],"wp:attachment":[{"href":"https:\/\/www.lortolana.com\/de\/wp-json\/wp\/v2\/media?parent=1434"}],"curies":[{"name":"wp","href":"https:\/\/api.w.org\/{rel}","templated":true}]}}